{"id":1050,"date":"2021-02-19T02:21:04","date_gmt":"2021-02-19T02:21:04","guid":{"rendered":"https:\/\/lesgaletsxm.com\/?page_id=1050"},"modified":"2025-11-09T16:34:35","modified_gmt":"2025-11-09T16:34:35","slug":"diner-table-d-hotes","status":"publish","type":"page","link":"https:\/\/lesgaletsxm.com\/en\/diner-table-d-hotes\/","title":{"rendered":"Table d&#039;h\u00f4tes"},"content":{"rendered":"<div data-elementor-type=\"wp-page\" data-elementor-id=\"1050\" class=\"elementor elementor-1050\" data-elementor-post-type=\"page\">\n\t\t\t\t<div class=\"elementor-element elementor-element-3e8a0b7 e-grid e-con-boxed e-con e-parent\" data-id=\"3e8a0b7\" data-element_type=\"container\" data-e-type=\"container\">\n\t\t\t\t\t<div class=\"e-con-inner\">\n\t\t\t\t<div class=\"elementor-element elementor-element-798a7cd elementor-widget elementor-widget-text-editor\" data-id=\"798a7cd\" data-element_type=\"widget\" data-e-type=\"widget\" data-widget_type=\"text-editor.default\">\n\t\t\t\t<div class=\"elementor-widget-container\">\n\t\t\t\t\t\t\t\t\t<p class=\"has-medium-font-size\"><strong>RESTAURANT LES GALETS<\/strong><\/p>\n<p>Vivez \u00e0 la Table des Galets SXM une exp\u00e9rience gastronomique inoubliable \u00e0 Saint-Martin, orchestr\u00e9e par Andy et son \u00e9quipe et le chef Romuald, pour des d\u00eeners m\u00e9morables et raffin\u00e9s.<\/p>\n<p><strong>An enchanting setting<\/strong><\/p>\n<p>Votre d\u00eener \u00e0 Saint-Martin prend une dimension magique, sublim\u00e9e par la piscine aux reflets azur, o\u00f9 les jeux de lumi\u00e8re cr\u00e9ent une ambiance romantique et envo\u00fbtante.<\/p>\n<p><strong>L'Art Culinaire \u00e0 la Table des Galets Restaurant<\/strong><\/p>\n<p data-start=\"405\" data-end=\"710\">Sous l\u2019inspiration du chef Romuald, chaque plat r\u00e9v\u00e8le un mariage raffin\u00e9 de textures, de couleurs et de saveurs, pour une exp\u00e9rience gustative unique.<\/p>\n<p data-start=\"712\" data-end=\"1036\">Dans une atmosph\u00e8re chaleureuse et \u00e9l\u00e9gante, le restaurant Les Galets SXM c\u00e9l\u00e8bre la cr\u00e9ativit\u00e9, la passion et le raffinement de la gastronomie fran\u00e7aise et carib\u00e9enne.<br data-start=\"896\" data-end=\"899\" \/>Chaque bouch\u00e9e est une invitation au voyage, une d\u00e9couverte sensorielle qui refl\u00e8te tout le savoir-faire et la sensibilit\u00e9 du chef.<\/p>\n<p data-start=\"712\" data-end=\"1036\"><strong>Une exp\u00e9rience culinaire<\/strong><\/p>\n<p data-start=\"1038\" data-end=\"1204\">Vivez un moment d\u2019exception \u00e0 la Table des Galets, l\u2019adresse incontournable pour une exp\u00e9rience culinaire \u00e0 Saint-Martin, o\u00f9 art et gourmandise ne font qu\u2019un.<\/p>\n<p>Participants au <a href=\"https:\/\/www.festival-st-martin.com\/\">Festival de la gastronomie 2025,<\/a> l'\u00e9quipe vous invite \u00e0 vivre un moment inspirant.<\/p>\n<p>R\u00e9servation conseill\u00e9e : + 590 690 88 6735<\/p>\n<figure class=\"wp-block-image size-full\"><img decoding=\"async\" width=\"304\" height=\"156\" class=\"wp-image-2547 aligncenter\" src=\"https:\/\/lesgaletsxm.com\/wp-content\/uploads\/2025\/01\/Festival-de-la-gastro-logo.png\" alt=\"\" srcset=\"https:\/\/lesgaletsxm.com\/wp-content\/uploads\/2025\/01\/Festival-de-la-gastro-logo.png 304w, https:\/\/lesgaletsxm.com\/wp-content\/uploads\/2025\/01\/Festival-de-la-gastro-logo-300x154.png 300w, https:\/\/lesgaletsxm.com\/wp-content\/uploads\/2025\/01\/Festival-de-la-gastro-logo-150x77.png 150w, https:\/\/lesgaletsxm.com\/wp-content\/uploads\/2025\/01\/Festival-de-la-gastro-logo-18x9.png 18w, https:\/\/lesgaletsxm.com\/wp-content\/uploads\/2025\/01\/Festival-de-la-gastro-logo-250x128.png 250w\" sizes=\"(max-width: 304px) 100vw, 304px\" \/><\/figure>\n<p>\u00a0<\/p>\n<figure class=\"wp-block-gallery has-nested-images columns-default is-cropped\"><\/figure>\n<!-- \/wp:gallery -->\n<p>\u00a0<\/p>\t\t\t\t\t\t\t\t<\/div>\n\t\t\t\t<\/div>\n\t\t\t\t<div class=\"elementor-element elementor-element-f273252 elementor-widget elementor-widget-image\" data-id=\"f273252\" data-element_type=\"widget\" data-e-type=\"widget\" data-widget_type=\"image.default\">\n\t\t\t\t<div class=\"elementor-widget-container\">\n\t\t\t\t\t\t\t\t\t\t\t\t\t\t\t<img fetchpriority=\"high\" decoding=\"async\" width=\"1180\" height=\"2096\" src=\"https:\/\/lesgaletsxm.com\/wp-content\/uploads\/2025\/02\/Les-Galets-restaurant-piscine-1.jpeg\" class=\"attachment-full size-full wp-image-25916\" alt=\"\" srcset=\"https:\/\/lesgaletsxm.com\/wp-content\/uploads\/2025\/02\/Les-Galets-restaurant-piscine-1.jpeg 1180w, https:\/\/lesgaletsxm.com\/wp-content\/uploads\/2025\/02\/Les-Galets-restaurant-piscine-1-169x300.jpeg 169w, https:\/\/lesgaletsxm.com\/wp-content\/uploads\/2025\/02\/Les-Galets-restaurant-piscine-1-576x1024.jpeg 576w, https:\/\/lesgaletsxm.com\/wp-content\/uploads\/2025\/02\/Les-Galets-restaurant-piscine-1-150x266.jpeg 150w, https:\/\/lesgaletsxm.com\/wp-content\/uploads\/2025\/02\/Les-Galets-restaurant-piscine-1-768x1364.jpeg 768w, https:\/\/lesgaletsxm.com\/wp-content\/uploads\/2025\/02\/Les-Galets-restaurant-piscine-1-865x1536.jpeg 865w, https:\/\/lesgaletsxm.com\/wp-content\/uploads\/2025\/02\/Les-Galets-restaurant-piscine-1-1153x2048.jpeg 1153w, https:\/\/lesgaletsxm.com\/wp-content\/uploads\/2025\/02\/Les-Galets-restaurant-piscine-1-7x12.jpeg 7w, https:\/\/lesgaletsxm.com\/wp-content\/uploads\/2025\/02\/Les-Galets-restaurant-piscine-1-480x853.jpeg 480w, https:\/\/lesgaletsxm.com\/wp-content\/uploads\/2025\/02\/Les-Galets-restaurant-piscine-1-270x480.jpeg 270w, https:\/\/lesgaletsxm.com\/wp-content\/uploads\/2025\/02\/Les-Galets-restaurant-piscine-1-250x444.jpeg 250w, https:\/\/lesgaletsxm.com\/wp-content\/uploads\/2025\/02\/Les-Galets-restaurant-piscine-1-141x250.jpeg 141w, https:\/\/lesgaletsxm.com\/wp-content\/uploads\/2025\/02\/Les-Galets-restaurant-piscine-1-84x150.jpeg 84w\" sizes=\"(max-width: 1180px) 100vw, 1180px\" \/>\t\t\t\t\t\t\t\t\t\t\t\t\t\t\t<\/div>\n\t\t\t\t<\/div>\n\t\t\t\t\t<\/div>\n\t\t\t\t<\/div>\n\t\t<div class=\"elementor-element elementor-element-a237ed9 e-flex e-con-boxed e-con e-parent\" data-id=\"a237ed9\" data-element_type=\"container\" data-e-type=\"container\">\n\t\t\t\t\t<div class=\"e-con-inner\">\n\t\t\t\t<div class=\"elementor-element elementor-element-ad04782 elementor-widget elementor-widget-gallery\" data-id=\"ad04782\" data-element_type=\"widget\" data-e-type=\"widget\" data-settings=\"{&quot;columns&quot;:2,&quot;aspect_ratio&quot;:&quot;9:16&quot;,&quot;lazyload&quot;:&quot;yes&quot;,&quot;gallery_layout&quot;:&quot;grid&quot;,&quot;columns_tablet&quot;:2,&quot;columns_mobile&quot;:1,&quot;gap&quot;:{&quot;unit&quot;:&quot;px&quot;,&quot;size&quot;:10,&quot;sizes&quot;:[]},&quot;gap_tablet&quot;:{&quot;unit&quot;:&quot;px&quot;,&quot;size&quot;:10,&quot;sizes&quot;:[]},&quot;gap_mobile&quot;:{&quot;unit&quot;:&quot;px&quot;,&quot;size&quot;:10,&quot;sizes&quot;:[]},&quot;link_to&quot;:&quot;file&quot;,&quot;overlay_background&quot;:&quot;yes&quot;,&quot;content_hover_animation&quot;:&quot;fade-in&quot;}\" data-widget_type=\"gallery.default\">\n\t\t\t\t<div class=\"elementor-widget-container\">\n\t\t\t\t\t\t\t<div class=\"elementor-gallery__container\">\n\t\t\t\t\t\t\t<a class=\"e-gallery-item elementor-gallery-item elementor-animated-content\" href=\"https:\/\/lesgaletsxm.com\/wp-content\/uploads\/2025\/11\/Les-Galets-restaurant-carte.jpeg\" data-elementor-open-lightbox=\"yes\" data-elementor-lightbox-slideshow=\"ad04782\" data-elementor-lightbox-title=\"Les Galets restaurant carte\" data-e-action-hash=\"#elementor-action%3Aaction%3Dlightbox%26settings%3DeyJpZCI6MjU5MzYsInVybCI6Imh0dHBzOlwvXC9sZXNnYWxldHN4bS5jb21cL3dwLWNvbnRlbnRcL3VwbG9hZHNcLzIwMjVcLzExXC9MZXMtR2FsZXRzLXJlc3RhdXJhbnQtY2FydGUuanBlZyIsInNsaWRlc2hvdyI6ImFkMDQ3ODIifQ%3D%3D\">\n\t\t\t\t\t<div class=\"e-gallery-image elementor-gallery-item__image\" data-thumbnail=\"https:\/\/lesgaletsxm.com\/wp-content\/uploads\/2025\/11\/Les-Galets-restaurant-carte-576x1024.jpeg\" data-width=\"576\" data-height=\"1024\" aria-label=\"\" role=\"img\" ><\/div>\n\t\t\t\t\t\t\t\t\t\t\t<div class=\"elementor-gallery-item__overlay\"><\/div>\n\t\t\t\t\t\t\t\t\t\t\t\t\t\t<\/a>\n\t\t\t\t\t\t\t<a class=\"e-gallery-item elementor-gallery-item elementor-animated-content\" href=\"https:\/\/lesgaletsxm.com\/wp-content\/uploads\/2025\/11\/Les-Galets-Restaurant-SXM-risotto-1.jpeg\" data-elementor-open-lightbox=\"yes\" data-elementor-lightbox-slideshow=\"ad04782\" data-elementor-lightbox-title=\"Les Galets Restaurant SXM risotto\" data-e-action-hash=\"#elementor-action%3Aaction%3Dlightbox%26settings%3DeyJpZCI6MjU5MzksInVybCI6Imh0dHBzOlwvXC9sZXNnYWxldHN4bS5jb21cL3dwLWNvbnRlbnRcL3VwbG9hZHNcLzIwMjVcLzExXC9MZXMtR2FsZXRzLVJlc3RhdXJhbnQtU1hNLXJpc290dG8tMS5qcGVnIiwic2xpZGVzaG93IjoiYWQwNDc4MiJ9\">\n\t\t\t\t\t<div class=\"e-gallery-image elementor-gallery-item__image\" data-thumbnail=\"https:\/\/lesgaletsxm.com\/wp-content\/uploads\/2025\/11\/Les-Galets-Restaurant-SXM-risotto-1-682x1024.jpeg\" data-width=\"682\" data-height=\"1024\" aria-label=\"\" role=\"img\" ><\/div>\n\t\t\t\t\t\t\t\t\t\t\t<div class=\"elementor-gallery-item__overlay\"><\/div>\n\t\t\t\t\t\t\t\t\t\t\t\t\t\t<\/a>\n\t\t\t\t\t\t\t<a class=\"e-gallery-item elementor-gallery-item elementor-animated-content\" href=\"https:\/\/lesgaletsxm.com\/wp-content\/uploads\/2025\/11\/Les-Galets-retaurant-ceviche-1.jpeg\" data-elementor-open-lightbox=\"yes\" data-elementor-lightbox-slideshow=\"ad04782\" data-elementor-lightbox-title=\"Les Galets retaurant ceviche\" data-e-action-hash=\"#elementor-action%3Aaction%3Dlightbox%26settings%3DeyJpZCI6MjU5NDAsInVybCI6Imh0dHBzOlwvXC9sZXNnYWxldHN4bS5jb21cL3dwLWNvbnRlbnRcL3VwbG9hZHNcLzIwMjVcLzExXC9MZXMtR2FsZXRzLXJldGF1cmFudC1jZXZpY2hlLTEuanBlZyIsInNsaWRlc2hvdyI6ImFkMDQ3ODIifQ%3D%3D\">\n\t\t\t\t\t<div class=\"e-gallery-image elementor-gallery-item__image\" data-thumbnail=\"https:\/\/lesgaletsxm.com\/wp-content\/uploads\/2025\/11\/Les-Galets-retaurant-ceviche-1-576x1024.jpeg\" data-width=\"576\" data-height=\"1024\" aria-label=\"\" role=\"img\" ><\/div>\n\t\t\t\t\t\t\t\t\t\t\t<div class=\"elementor-gallery-item__overlay\"><\/div>\n\t\t\t\t\t\t\t\t\t\t\t\t\t\t<\/a>\n\t\t\t\t\t\t\t<a class=\"e-gallery-item elementor-gallery-item elementor-animated-content\" href=\"https:\/\/lesgaletsxm.com\/wp-content\/uploads\/2025\/02\/Les-Galets-restaurant-entree-menu.jpeg\" data-elementor-open-lightbox=\"yes\" data-elementor-lightbox-slideshow=\"ad04782\" data-elementor-lightbox-title=\"Les Galets restaurant entr\u00e9e menu\" data-e-action-hash=\"#elementor-action%3Aaction%3Dlightbox%26settings%3DeyJpZCI6MjU5MDQsInVybCI6Imh0dHBzOlwvXC9sZXNnYWxldHN4bS5jb21cL3dwLWNvbnRlbnRcL3VwbG9hZHNcLzIwMjVcLzAyXC9MZXMtR2FsZXRzLXJlc3RhdXJhbnQtZW50cmVlLW1lbnUuanBlZyIsInNsaWRlc2hvdyI6ImFkMDQ3ODIifQ%3D%3D\">\n\t\t\t\t\t<div class=\"e-gallery-image elementor-gallery-item__image\" data-thumbnail=\"https:\/\/lesgaletsxm.com\/wp-content\/uploads\/2025\/02\/Les-Galets-restaurant-entree-menu-768x1024.jpeg\" data-width=\"768\" data-height=\"1024\" aria-label=\"\" role=\"img\" ><\/div>\n\t\t\t\t\t\t\t\t\t\t\t<div class=\"elementor-gallery-item__overlay\"><\/div>\n\t\t\t\t\t\t\t\t\t\t\t\t\t\t<\/a>\n\t\t\t\t\t<\/div>\n\t\t\t\t\t<\/div>\n\t\t\t\t<\/div>\n\t\t\t\t\t<\/div>\n\t\t\t\t<\/div>\n\t\t\t\t<\/div>","protected":false},"excerpt":{"rendered":"<p>RESTAURANT LES GALETS Vivez \u00e0 la Table des Galets SXM une exp\u00e9rience gastronomique inoubliable \u00e0 Saint-Martin, orchestr\u00e9e par Andy et son \u00e9quipe et le chef Romuald, pour des d\u00eeners m\u00e9morables et raffin\u00e9s. Un cadre enchanteur Votre d\u00eener \u00e0 Saint-Martin prend une dimension magique, sublim\u00e9e par la piscine aux reflets azur, o\u00f9 les jeux de lumi\u00e8re &hellip; <\/p>\n<p class=\"link-more\"><a href=\"https:\/\/lesgaletsxm.com\/en\/diner-table-d-hotes\/\" class=\"more-link\"><span class=\"screen-reader-text\"> prova \"Table d\u2019h\u00f4tes\"<\/span><\/a><\/p>","protected":false},"author":2,"featured_media":0,"parent":0,"menu_order":0,"comment_status":"closed","ping_status":"closed","template":"elementor_theme","meta":{"footnotes":""},"class_list":["post-1050","page","type-page","status-publish","hentry"],"yoast_head":"<!-- This site is optimized with the Yoast SEO plugin v27.4 - https:\/\/yoast.com\/product\/yoast-seo-wordpress\/ -->\n<title>Table d\u2019h\u00f4tes - Les Galets SXM<\/title>\n<meta name=\"robots\" content=\"index, follow, max-snippet:-1, max-image-preview:large, max-video-preview:-1\" \/>\n<link rel=\"canonical\" href=\"https:\/\/lesgaletsxm.com\/en\/diner-table-d-hotes\/\" \/>\n<meta property=\"og:locale\" content=\"en_US\" \/>\n<meta property=\"og:type\" content=\"article\" \/>\n<meta property=\"og:title\" content=\"Table d\u2019h\u00f4tes - Les Galets SXM\" \/>\n<meta property=\"og:description\" content=\"RESTAURANT LES GALETS Vivez \u00e0 la Table des Galets SXM une exp\u00e9rience gastronomique inoubliable \u00e0 Saint-Martin, orchestr\u00e9e par Andy et son \u00e9quipe et le chef Romuald, pour des d\u00eeners m\u00e9morables et raffin\u00e9s. Un cadre enchanteur Votre d\u00eener \u00e0 Saint-Martin prend une dimension magique, sublim\u00e9e par la piscine aux reflets azur, o\u00f9 les jeux de lumi\u00e8re &hellip; prova &quot;Table d\u2019h\u00f4tes&quot;\" \/>\n<meta property=\"og:url\" content=\"https:\/\/lesgaletsxm.com\/en\/diner-table-d-hotes\/\" \/>\n<meta property=\"og:site_name\" content=\"Les Galets SXM\" \/>\n<meta property=\"article:modified_time\" content=\"2025-11-09T16:34:35+00:00\" \/>\n<meta property=\"og:image\" content=\"https:\/\/lesgaletsxm.com\/wp-content\/uploads\/2025\/01\/Festival-de-la-gastro-logo.png\" \/>\n\t<meta property=\"og:image:width\" content=\"304\" \/>\n\t<meta property=\"og:image:height\" content=\"156\" \/>\n\t<meta property=\"og:image:type\" content=\"image\/png\" \/>\n<meta name=\"twitter:card\" content=\"summary_large_image\" \/>\n<meta name=\"twitter:label1\" content=\"Est. reading time\" \/>\n\t<meta name=\"twitter:data1\" content=\"2 minutes\" \/>\n<script type=\"application\/ld+json\" class=\"yoast-schema-graph\">{\"@context\":\"https:\\\/\\\/schema.org\",\"@graph\":[{\"@type\":\"WebPage\",\"@id\":\"https:\\\/\\\/lesgaletsxm.com\\\/diner-table-d-hotes\\\/\",\"url\":\"https:\\\/\\\/lesgaletsxm.com\\\/diner-table-d-hotes\\\/\",\"name\":\"Table d\u2019h\u00f4tes - Les Galets SXM\",\"isPartOf\":{\"@id\":\"https:\\\/\\\/lesgaletsxm.com\\\/#website\"},\"primaryImageOfPage\":{\"@id\":\"https:\\\/\\\/lesgaletsxm.com\\\/diner-table-d-hotes\\\/#primaryimage\"},\"image\":{\"@id\":\"https:\\\/\\\/lesgaletsxm.com\\\/diner-table-d-hotes\\\/#primaryimage\"},\"thumbnailUrl\":\"https:\\\/\\\/lesgaletsxm.com\\\/wp-content\\\/uploads\\\/2025\\\/01\\\/Festival-de-la-gastro-logo.png\",\"datePublished\":\"2021-02-19T02:21:04+00:00\",\"dateModified\":\"2025-11-09T16:34:35+00:00\",\"breadcrumb\":{\"@id\":\"https:\\\/\\\/lesgaletsxm.com\\\/diner-table-d-hotes\\\/#breadcrumb\"},\"inLanguage\":\"en-US\",\"potentialAction\":[{\"@type\":\"ReadAction\",\"target\":[\"https:\\\/\\\/lesgaletsxm.com\\\/diner-table-d-hotes\\\/\"]}]},{\"@type\":\"ImageObject\",\"inLanguage\":\"en-US\",\"@id\":\"https:\\\/\\\/lesgaletsxm.com\\\/diner-table-d-hotes\\\/#primaryimage\",\"url\":\"https:\\\/\\\/lesgaletsxm.com\\\/wp-content\\\/uploads\\\/2025\\\/01\\\/Festival-de-la-gastro-logo.png\",\"contentUrl\":\"https:\\\/\\\/lesgaletsxm.com\\\/wp-content\\\/uploads\\\/2025\\\/01\\\/Festival-de-la-gastro-logo.png\"},{\"@type\":\"BreadcrumbList\",\"@id\":\"https:\\\/\\\/lesgaletsxm.com\\\/diner-table-d-hotes\\\/#breadcrumb\",\"itemListElement\":[{\"@type\":\"ListItem\",\"position\":1,\"name\":\"Accueil\",\"item\":\"https:\\\/\\\/lesgaletsxm.com\\\/\"},{\"@type\":\"ListItem\",\"position\":2,\"name\":\"Table d\u2019h\u00f4tes\"}]},{\"@type\":\"WebSite\",\"@id\":\"https:\\\/\\\/lesgaletsxm.com\\\/#website\",\"url\":\"https:\\\/\\\/lesgaletsxm.com\\\/\",\"name\":\"Les Galets SXM\",\"description\":\"Locations saisonni\u00e8res et tables d&#039;h\u00f4tes \u00e0 Orient Bay, Saint-Martin\",\"publisher\":{\"@id\":\"https:\\\/\\\/lesgaletsxm.com\\\/#organization\"},\"potentialAction\":[{\"@type\":\"SearchAction\",\"target\":{\"@type\":\"EntryPoint\",\"urlTemplate\":\"https:\\\/\\\/lesgaletsxm.com\\\/?s={search_term_string}\"},\"query-input\":{\"@type\":\"PropertyValueSpecification\",\"valueRequired\":true,\"valueName\":\"search_term_string\"}}],\"inLanguage\":\"en-US\"},{\"@type\":\"Organization\",\"@id\":\"https:\\\/\\\/lesgaletsxm.com\\\/#organization\",\"name\":\"Les Galets SXM\",\"url\":\"https:\\\/\\\/lesgaletsxm.com\\\/\",\"logo\":{\"@type\":\"ImageObject\",\"inLanguage\":\"en-US\",\"@id\":\"https:\\\/\\\/lesgaletsxm.com\\\/#\\\/schema\\\/logo\\\/image\\\/\",\"url\":\"https:\\\/\\\/lesgaletsxm.com\\\/wp-content\\\/uploads\\\/2025\\\/02\\\/logo-white-blue-les-Galets-Villas-St-Martin-SXM.png\",\"contentUrl\":\"https:\\\/\\\/lesgaletsxm.com\\\/wp-content\\\/uploads\\\/2025\\\/02\\\/logo-white-blue-les-Galets-Villas-St-Martin-SXM.png\",\"width\":134,\"height\":130,\"caption\":\"Les Galets SXM\"},\"image\":{\"@id\":\"https:\\\/\\\/lesgaletsxm.com\\\/#\\\/schema\\\/logo\\\/image\\\/\"}}]}<\/script>\n<!-- \/ Yoast SEO plugin. -->","yoast_head_json":{"title":"Table d\u2019h\u00f4tes - Les Galets SXM","robots":{"index":"index","follow":"follow","max-snippet":"max-snippet:-1","max-image-preview":"max-image-preview:large","max-video-preview":"max-video-preview:-1"},"canonical":"https:\/\/lesgaletsxm.com\/en\/diner-table-d-hotes\/","og_locale":"en_US","og_type":"article","og_title":"Table d\u2019h\u00f4tes - Les Galets SXM","og_description":"RESTAURANT LES GALETS Vivez \u00e0 la Table des Galets SXM une exp\u00e9rience gastronomique inoubliable \u00e0 Saint-Martin, orchestr\u00e9e par Andy et son \u00e9quipe et le chef Romuald, pour des d\u00eeners m\u00e9morables et raffin\u00e9s. Un cadre enchanteur Votre d\u00eener \u00e0 Saint-Martin prend une dimension magique, sublim\u00e9e par la piscine aux reflets azur, o\u00f9 les jeux de lumi\u00e8re &hellip; prova \"Table d\u2019h\u00f4tes\"","og_url":"https:\/\/lesgaletsxm.com\/en\/diner-table-d-hotes\/","og_site_name":"Les Galets SXM","article_modified_time":"2025-11-09T16:34:35+00:00","og_image":[{"width":304,"height":156,"url":"https:\/\/lesgaletsxm.com\/wp-content\/uploads\/2025\/01\/Festival-de-la-gastro-logo.png","type":"image\/png"}],"twitter_card":"summary_large_image","twitter_misc":{"Est. reading time":"2 minutes"},"schema":{"@context":"https:\/\/schema.org","@graph":[{"@type":"WebPage","@id":"https:\/\/lesgaletsxm.com\/diner-table-d-hotes\/","url":"https:\/\/lesgaletsxm.com\/diner-table-d-hotes\/","name":"Table d\u2019h\u00f4tes - Les Galets SXM","isPartOf":{"@id":"https:\/\/lesgaletsxm.com\/#website"},"primaryImageOfPage":{"@id":"https:\/\/lesgaletsxm.com\/diner-table-d-hotes\/#primaryimage"},"image":{"@id":"https:\/\/lesgaletsxm.com\/diner-table-d-hotes\/#primaryimage"},"thumbnailUrl":"https:\/\/lesgaletsxm.com\/wp-content\/uploads\/2025\/01\/Festival-de-la-gastro-logo.png","datePublished":"2021-02-19T02:21:04+00:00","dateModified":"2025-11-09T16:34:35+00:00","breadcrumb":{"@id":"https:\/\/lesgaletsxm.com\/diner-table-d-hotes\/#breadcrumb"},"inLanguage":"en-US","potentialAction":[{"@type":"ReadAction","target":["https:\/\/lesgaletsxm.com\/diner-table-d-hotes\/"]}]},{"@type":"ImageObject","inLanguage":"en-US","@id":"https:\/\/lesgaletsxm.com\/diner-table-d-hotes\/#primaryimage","url":"https:\/\/lesgaletsxm.com\/wp-content\/uploads\/2025\/01\/Festival-de-la-gastro-logo.png","contentUrl":"https:\/\/lesgaletsxm.com\/wp-content\/uploads\/2025\/01\/Festival-de-la-gastro-logo.png"},{"@type":"BreadcrumbList","@id":"https:\/\/lesgaletsxm.com\/diner-table-d-hotes\/#breadcrumb","itemListElement":[{"@type":"ListItem","position":1,"name":"Accueil","item":"https:\/\/lesgaletsxm.com\/"},{"@type":"ListItem","position":2,"name":"Table d\u2019h\u00f4tes"}]},{"@type":"WebSite","@id":"https:\/\/lesgaletsxm.com\/#website","url":"https:\/\/lesgaletsxm.com\/","name":"Les Galets SXM","description":"Seasonal rentals and tables d &amp; #039; d&#039;h\u00f4tes in Orient Bay, Saint-Martin","publisher":{"@id":"https:\/\/lesgaletsxm.com\/#organization"},"potentialAction":[{"@type":"SearchAction","target":{"@type":"EntryPoint","urlTemplate":"https:\/\/lesgaletsxm.com\/?s={search_term_string}"},"query-input":{"@type":"PropertyValueSpecification","valueRequired":true,"valueName":"search_term_string"}}],"inLanguage":"en-US"},{"@type":"Organization","@id":"https:\/\/lesgaletsxm.com\/#organization","name":"Les Galets SXM","url":"https:\/\/lesgaletsxm.com\/","logo":{"@type":"ImageObject","inLanguage":"en-US","@id":"https:\/\/lesgaletsxm.com\/#\/schema\/logo\/image\/","url":"https:\/\/lesgaletsxm.com\/wp-content\/uploads\/2025\/02\/logo-white-blue-les-Galets-Villas-St-Martin-SXM.png","contentUrl":"https:\/\/lesgaletsxm.com\/wp-content\/uploads\/2025\/02\/logo-white-blue-les-Galets-Villas-St-Martin-SXM.png","width":134,"height":130,"caption":"Les Galets SXM"},"image":{"@id":"https:\/\/lesgaletsxm.com\/#\/schema\/logo\/image\/"}}]}},"_links":{"self":[{"href":"https:\/\/lesgaletsxm.com\/en\/wp-json\/wp\/v2\/pages\/1050","targetHints":{"allow":["GET"]}}],"collection":[{"href":"https:\/\/lesgaletsxm.com\/en\/wp-json\/wp\/v2\/pages"}],"about":[{"href":"https:\/\/lesgaletsxm.com\/en\/wp-json\/wp\/v2\/types\/page"}],"author":[{"embeddable":true,"href":"https:\/\/lesgaletsxm.com\/en\/wp-json\/wp\/v2\/users\/2"}],"replies":[{"embeddable":true,"href":"https:\/\/lesgaletsxm.com\/en\/wp-json\/wp\/v2\/comments?post=1050"}],"version-history":[{"count":242,"href":"https:\/\/lesgaletsxm.com\/en\/wp-json\/wp\/v2\/pages\/1050\/revisions"}],"predecessor-version":[{"id":25946,"href":"https:\/\/lesgaletsxm.com\/en\/wp-json\/wp\/v2\/pages\/1050\/revisions\/25946"}],"wp:attachment":[{"href":"https:\/\/lesgaletsxm.com\/en\/wp-json\/wp\/v2\/media?parent=1050"}],"curies":[{"name":"wp","href":"https:\/\/api.w.org\/{rel}","templated":true}]}}