{"id":1423,"date":"2021-03-10T22:26:05","date_gmt":"2021-03-10T22:26:05","guid":{"rendered":"https:\/\/lesgaletsxm.com\/?page_id=1423"},"modified":"2025-08-28T10:45:57","modified_gmt":"2025-08-28T10:45:57","slug":"mentions-legales","status":"publish","type":"page","link":"https:\/\/lesgaletsxm.com\/en\/mentions-legales\/","title":{"rendered":"Legal Notice"},"content":{"rendered":"<div data-elementor-type=\"wp-page\" data-elementor-id=\"1423\" class=\"elementor elementor-1423\" data-elementor-post-type=\"page\">\n\t\t\t\t<div class=\"elementor-element elementor-element-28f7a4ae e-flex e-con-boxed e-con e-parent\" data-id=\"28f7a4ae\" data-element_type=\"container\" data-e-type=\"container\">\n\t\t\t\t\t<div class=\"e-con-inner\">\n\t\t\t\t<div class=\"elementor-element elementor-element-7f84828 elementor-widget elementor-widget-heading\" data-id=\"7f84828\" data-element_type=\"widget\" data-e-type=\"widget\" data-widget_type=\"heading.default\">\n\t\t\t\t<div class=\"elementor-widget-container\">\n\t\t\t\t\t<h1 class=\"elementor-heading-title elementor-size-default\">Legal Notice<\/h1>\t\t\t\t<\/div>\n\t\t\t\t<\/div>\n\t\t\t\t<div class=\"elementor-element elementor-element-380b3b5c elementor-widget elementor-widget-text-editor\" data-id=\"380b3b5c\" data-element_type=\"widget\" data-e-type=\"widget\" data-widget_type=\"text-editor.default\">\n\t\t\t\t<div class=\"elementor-widget-container\">\n\t\t\t\t\t\t\t\t\t<div>\n<p><strong>Website publisher<\/strong><\/p>\n<p>Name\/Organisation\u00a0LES GALETS<\/p>\n<p>Postal Adress\u00a0Hope Hill, 45 Lotissement Les Jardins d'Orient Bay, Saint-Martin<\/p>\n<p>Landline\u00a0<a href=\"tel:590 690 64 86 23\">+590 690 64 86 23<\/a><\/p>\n<p>Email address\u00a0<a href=\"mailto:info@lesgaletsxm.com\">info@lesgaletsxm.com<\/a><\/p>\n<p>SIRET\u00a0 882 348 303 00026<\/p>\n<p>APE Code\u00a05510Z<\/p>\n<\/div>\n<div>\n<p><strong>Website design<\/strong><\/p>\n<p>Name\/Organisation Artemisia Conseil<\/p>\n<p>Postal adress \u00a04 Les Maucerneux, 25500 Montlebon<\/p>\n<p>Phone\u00a0<a href=\"tel:+33602165873\">+33602165873<\/a><\/p>\n<p>Email address\u00a0<a href=\"mailto:info@artemisia-conseil.fr\">info@artemisia-conseil.fr<\/a><\/p>\n<p>SIRET\u00a081376344800012<\/p>\n<p>APE Code\u00a06201Z<\/p>\n<\/div>\n<section>\n<div>\n<p><strong>Hosting<\/strong><\/p>\n<p>This website is hosted by:<\/p>\n<p>OVH<\/p>\n<p>Postal adress\u00a0140 Quai de Sartel 59100 Roubaix<\/p>\n<p>SIRET\u00a042476141900011<\/p>\n<p>APE Code 721Z<\/p>\n<p>Server location Roubaix \/ France<\/p>\n<\/div>\n<div>\n<p><strong>Copyright<\/strong><\/p>\n<p>In accordance with the French Intellectual Property Code, the reproduction for any use other than private use, the sale, distribution, publication, adaptation or communication, in whole or in part, of the data is strictly subject to the prior written authorisation of the rights holders, namely:<\/p>\n<p>Graphic design :\u00a0<a href=\"http:\/\/www.artemisia-conseil.fr\/\" target=\"_blank\" rel=\"noopener\">Artemisia Conseil<\/a><\/p>\n<\/div>\n<div>\n<p><strong>Data protection<\/strong><\/p>\n<p>Any user who has submitted directly or indirectly nominative information has the right to access and rectify this information in accordance with Law No. 7817 of 6 January 1978 (Data Protection Act) by contacting the site administrator.<\/p>\n<\/div>\n<\/section>\t\t\t\t\t\t\t\t<\/div>\n\t\t\t\t<\/div>\n\t\t\t\t\t<\/div>\n\t\t\t\t<\/div>\n\t\t\t\t<\/div>","protected":false},"excerpt":{"rendered":"<p>Mentions l\u00e9gales \u00c9diteur du site web Nom\/Organisation\u00a0LES GALETS Adresse postale\u00a0HOPE HILL, 45 Lotissement Les Jardins d'Orient Bay, SAINT-MARTIN T\u00e9l\u00e9phone fixe\u00a0+590 690 64 86 23 Adresse e-mail\u00a0info@lesgaletsxm.com SIRET\u00a0 882 348 303 00026 Code APE\u00a05510Z R\u00e9alisation du site web Nom\/Organisation\u00a0Artemisia Conseil Adresse postale\u00a04 Les Maucerneux, 25500 Montlebon T\u00e9l\u00e9phone\u00a0+33602165873 Adresse e-mail\u00a0info@artemisia-conseil.fr SIRET\u00a081376344800012 Code APE\u00a06201Z H\u00e9bergement Ce site web &hellip; <\/p>\n<p class=\"link-more\"><a href=\"https:\/\/lesgaletsxm.com\/en\/mentions-legales\/\" class=\"more-link\"><span class=\"screen-reader-text\"> prova \"Mentions l\u00e9gales\"<\/span><\/a><\/p>","protected":false},"author":4,"featured_media":0,"parent":0,"menu_order":0,"comment_status":"closed","ping_status":"closed","template":"elementor_header_footer","meta":{"footnotes":""},"class_list":["post-1423","page","type-page","status-publish","hentry"],"yoast_head":"<!-- This site is optimized with the Yoast SEO plugin v26.9 - https:\/\/yoast.com\/product\/yoast-seo-wordpress\/ -->\n<title>Mentions l\u00e9gales - Les Galets SXM<\/title>\n<meta name=\"robots\" content=\"index, follow, max-snippet:-1, max-image-preview:large, max-video-preview:-1\" \/>\n<link rel=\"canonical\" href=\"https:\/\/lesgaletsxm.com\/en\/mentions-legales\/\" \/>\n<meta property=\"og:locale\" content=\"en_US\" \/>\n<meta property=\"og:type\" content=\"article\" \/>\n<meta property=\"og:title\" content=\"Mentions l\u00e9gales - Les Galets SXM\" \/>\n<meta property=\"og:description\" content=\"Mentions l\u00e9gales \u00c9diteur du site web Nom\/Organisation\u00a0LES GALETS Adresse postale\u00a0HOPE HILL, 45 Lotissement Les Jardins d&#039;Orient Bay, SAINT-MARTIN T\u00e9l\u00e9phone fixe\u00a0+590 690 64 86 23 Adresse e-mail\u00a0info@lesgaletsxm.com SIRET\u00a0 882 348 303 00026 Code APE\u00a05510Z R\u00e9alisation du site web Nom\/Organisation\u00a0Artemisia Conseil Adresse postale\u00a04 Les Maucerneux, 25500 Montlebon T\u00e9l\u00e9phone\u00a0+33602165873 Adresse e-mail\u00a0info@artemisia-conseil.fr SIRET\u00a081376344800012 Code APE\u00a06201Z H\u00e9bergement Ce site web &hellip; prova &quot;Mentions l\u00e9gales&quot;\" \/>\n<meta property=\"og:url\" content=\"https:\/\/lesgaletsxm.com\/en\/mentions-legales\/\" \/>\n<meta property=\"og:site_name\" content=\"Les Galets SXM\" \/>\n<meta property=\"article:modified_time\" content=\"2025-08-28T10:45:57+00:00\" \/>\n<meta name=\"twitter:card\" content=\"summary_large_image\" \/>\n<meta name=\"twitter:label1\" content=\"Est. reading time\" \/>\n\t<meta name=\"twitter:data1\" content=\"1 minute\" \/>\n<script type=\"application\/ld+json\" class=\"yoast-schema-graph\">{\"@context\":\"https:\/\/schema.org\",\"@graph\":[{\"@type\":\"WebPage\",\"@id\":\"https:\/\/lesgaletsxm.com\/mentions-legales\/\",\"url\":\"https:\/\/lesgaletsxm.com\/mentions-legales\/\",\"name\":\"Mentions l\u00e9gales - Les Galets SXM\",\"isPartOf\":{\"@id\":\"https:\/\/lesgaletsxm.com\/#website\"},\"datePublished\":\"2021-03-10T22:26:05+00:00\",\"dateModified\":\"2025-08-28T10:45:57+00:00\",\"breadcrumb\":{\"@id\":\"https:\/\/lesgaletsxm.com\/mentions-legales\/#breadcrumb\"},\"inLanguage\":\"en-US\",\"potentialAction\":[{\"@type\":\"ReadAction\",\"target\":[\"https:\/\/lesgaletsxm.com\/mentions-legales\/\"]}]},{\"@type\":\"BreadcrumbList\",\"@id\":\"https:\/\/lesgaletsxm.com\/mentions-legales\/#breadcrumb\",\"itemListElement\":[{\"@type\":\"ListItem\",\"position\":1,\"name\":\"Accueil\",\"item\":\"https:\/\/lesgaletsxm.com\/\"},{\"@type\":\"ListItem\",\"position\":2,\"name\":\"Mentions l\u00e9gales\"}]},{\"@type\":\"WebSite\",\"@id\":\"https:\/\/lesgaletsxm.com\/#website\",\"url\":\"https:\/\/lesgaletsxm.com\/\",\"name\":\"Les Galets SXM\",\"description\":\"Locations saisonni\u00e8res et tables d&#039;h\u00f4tes \u00e0 Orient Bay, Saint-Martin\",\"publisher\":{\"@id\":\"https:\/\/lesgaletsxm.com\/#organization\"},\"potentialAction\":[{\"@type\":\"SearchAction\",\"target\":{\"@type\":\"EntryPoint\",\"urlTemplate\":\"https:\/\/lesgaletsxm.com\/?s={search_term_string}\"},\"query-input\":{\"@type\":\"PropertyValueSpecification\",\"valueRequired\":true,\"valueName\":\"search_term_string\"}}],\"inLanguage\":\"en-US\"},{\"@type\":\"Organization\",\"@id\":\"https:\/\/lesgaletsxm.com\/#organization\",\"name\":\"Les Galets SXM\",\"url\":\"https:\/\/lesgaletsxm.com\/\",\"logo\":{\"@type\":\"ImageObject\",\"inLanguage\":\"en-US\",\"@id\":\"https:\/\/lesgaletsxm.com\/#\/schema\/logo\/image\/\",\"url\":\"https:\/\/lesgaletsxm.com\/wp-content\/uploads\/2025\/02\/logo-white-blue-les-Galets-Villas-St-Martin-SXM.png\",\"contentUrl\":\"https:\/\/lesgaletsxm.com\/wp-content\/uploads\/2025\/02\/logo-white-blue-les-Galets-Villas-St-Martin-SXM.png\",\"width\":134,\"height\":130,\"caption\":\"Les Galets SXM\"},\"image\":{\"@id\":\"https:\/\/lesgaletsxm.com\/#\/schema\/logo\/image\/\"}}]}<\/script>\n<!-- \/ Yoast SEO plugin. -->","yoast_head_json":{"title":"Mentions l\u00e9gales - Les Galets SXM","robots":{"index":"index","follow":"follow","max-snippet":"max-snippet:-1","max-image-preview":"max-image-preview:large","max-video-preview":"max-video-preview:-1"},"canonical":"https:\/\/lesgaletsxm.com\/en\/mentions-legales\/","og_locale":"en_US","og_type":"article","og_title":"Mentions l\u00e9gales - Les Galets SXM","og_description":"Mentions l\u00e9gales \u00c9diteur du site web Nom\/Organisation\u00a0LES GALETS Adresse postale\u00a0HOPE HILL, 45 Lotissement Les Jardins d'Orient Bay, SAINT-MARTIN T\u00e9l\u00e9phone fixe\u00a0+590 690 64 86 23 Adresse e-mail\u00a0info@lesgaletsxm.com SIRET\u00a0 882 348 303 00026 Code APE\u00a05510Z R\u00e9alisation du site web Nom\/Organisation\u00a0Artemisia Conseil Adresse postale\u00a04 Les Maucerneux, 25500 Montlebon T\u00e9l\u00e9phone\u00a0+33602165873 Adresse e-mail\u00a0info@artemisia-conseil.fr SIRET\u00a081376344800012 Code APE\u00a06201Z H\u00e9bergement Ce site web &hellip; prova \"Mentions l\u00e9gales\"","og_url":"https:\/\/lesgaletsxm.com\/en\/mentions-legales\/","og_site_name":"Les Galets SXM","article_modified_time":"2025-08-28T10:45:57+00:00","twitter_card":"summary_large_image","twitter_misc":{"Est. reading time":"1 minute"},"schema":{"@context":"https:\/\/schema.org","@graph":[{"@type":"WebPage","@id":"https:\/\/lesgaletsxm.com\/mentions-legales\/","url":"https:\/\/lesgaletsxm.com\/mentions-legales\/","name":"Mentions l\u00e9gales - Les Galets SXM","isPartOf":{"@id":"https:\/\/lesgaletsxm.com\/#website"},"datePublished":"2021-03-10T22:26:05+00:00","dateModified":"2025-08-28T10:45:57+00:00","breadcrumb":{"@id":"https:\/\/lesgaletsxm.com\/mentions-legales\/#breadcrumb"},"inLanguage":"en-US","potentialAction":[{"@type":"ReadAction","target":["https:\/\/lesgaletsxm.com\/mentions-legales\/"]}]},{"@type":"BreadcrumbList","@id":"https:\/\/lesgaletsxm.com\/mentions-legales\/#breadcrumb","itemListElement":[{"@type":"ListItem","position":1,"name":"Accueil","item":"https:\/\/lesgaletsxm.com\/"},{"@type":"ListItem","position":2,"name":"Mentions l\u00e9gales"}]},{"@type":"WebSite","@id":"https:\/\/lesgaletsxm.com\/#website","url":"https:\/\/lesgaletsxm.com\/","name":"Les Galets SXM","description":"Seasonal rentals and tables d &amp; #039; d&#039;h\u00f4tes in Orient Bay, Saint-Martin","publisher":{"@id":"https:\/\/lesgaletsxm.com\/#organization"},"potentialAction":[{"@type":"SearchAction","target":{"@type":"EntryPoint","urlTemplate":"https:\/\/lesgaletsxm.com\/?s={search_term_string}"},"query-input":{"@type":"PropertyValueSpecification","valueRequired":true,"valueName":"search_term_string"}}],"inLanguage":"en-US"},{"@type":"Organization","@id":"https:\/\/lesgaletsxm.com\/#organization","name":"Les Galets SXM","url":"https:\/\/lesgaletsxm.com\/","logo":{"@type":"ImageObject","inLanguage":"en-US","@id":"https:\/\/lesgaletsxm.com\/#\/schema\/logo\/image\/","url":"https:\/\/lesgaletsxm.com\/wp-content\/uploads\/2025\/02\/logo-white-blue-les-Galets-Villas-St-Martin-SXM.png","contentUrl":"https:\/\/lesgaletsxm.com\/wp-content\/uploads\/2025\/02\/logo-white-blue-les-Galets-Villas-St-Martin-SXM.png","width":134,"height":130,"caption":"Les Galets SXM"},"image":{"@id":"https:\/\/lesgaletsxm.com\/#\/schema\/logo\/image\/"}}]}},"_links":{"self":[{"href":"https:\/\/lesgaletsxm.com\/en\/wp-json\/wp\/v2\/pages\/1423","targetHints":{"allow":["GET"]}}],"collection":[{"href":"https:\/\/lesgaletsxm.com\/en\/wp-json\/wp\/v2\/pages"}],"about":[{"href":"https:\/\/lesgaletsxm.com\/en\/wp-json\/wp\/v2\/types\/page"}],"author":[{"embeddable":true,"href":"https:\/\/lesgaletsxm.com\/en\/wp-json\/wp\/v2\/users\/4"}],"replies":[{"embeddable":true,"href":"https:\/\/lesgaletsxm.com\/en\/wp-json\/wp\/v2\/comments?post=1423"}],"version-history":[{"count":11,"href":"https:\/\/lesgaletsxm.com\/en\/wp-json\/wp\/v2\/pages\/1423\/revisions"}],"predecessor-version":[{"id":25447,"href":"https:\/\/lesgaletsxm.com\/en\/wp-json\/wp\/v2\/pages\/1423\/revisions\/25447"}],"wp:attachment":[{"href":"https:\/\/lesgaletsxm.com\/en\/wp-json\/wp\/v2\/media?parent=1423"}],"curies":[{"name":"wp","href":"https:\/\/api.w.org\/{rel}","templated":true}]}}