{"id":295,"date":"2020-11-20T11:57:20","date_gmt":"2020-11-20T11:57:20","guid":{"rendered":"http:\/\/lesgaletssxm.com\/packages-and-offers-4\/"},"modified":"2025-06-24T08:14:46","modified_gmt":"2025-06-24T08:14:46","slug":"packages-and-offers-4","status":"publish","type":"page","link":"https:\/\/lesgaletsxm.com\/en\/packages-and-offers-4\/","title":{"rendered":"Selecting dates, accommodation and options"},"content":{"rendered":"<div class=\"wrap plugin-container\">\n\n\t\n\t\n\t<h3 class=\"vbclistheadt\">Packages and Offers<\/h3>\n<div class=\"vbo-pkglist-container\">\n\t\t<div class=\"vbo-pkglist-pkg\">\n\t\t<div class=\"vbo-pkglist-pkg-bone\">\n\t\t\t\t\t<div class=\"vbo-pkglist-pkg-img\">\n\t\t\t\t<img decoding=\"async\" src=\"https:\/\/lesgaletsxm.com\/wp-content\/plugins\/vikbooking\/site\/resources\/uploads\/thumb_test_location.jpg\" alt=\"Location voiture\" \/>\n\t\t\t<\/div>\n\t\t\t\t\t<\/div>\n\t\t<div class=\"vbo-pkglist-pkg-btwo\">\n\t\t\t<div class=\"vbo-pkglist-pkg-name\">\n\t\t\t\t<h4>Location voiture<\/h4>\n\t\t\t<\/div>\n\t\t\t<div class=\"vbo-pkglist-pkg-dates-cont\">\n\t\t\t\t<div class=\"vbo-pkglist-pkg-dates\">\n\t\t\t\t\t<i class=\"far fa-clock\"><\/i>\t\t\t\t\t<span class=\"vbo-pkglist-pkg-dates-lbl\">Validity<\/span>\n\t\t\t\t\t<span class=\"vbo-pkglist-pkg-dates-ft\">01\/06\/2025 - 31\/07\/2027<\/span>\n\t\t\t\t<\/div>\n\t\t\t<\/div>\n\t\t\t<div class=\"vbo-pkglist-pkg-shortdescr\">Location v\u00e9hicule<\/div>\n\t\t<\/div>\n\t\t<div class=\"vbo-pkglist-pkg-bthree\">\n\t\t\t<div class=\"vbo-pkglist-pkg-cost\">\n\t\t\t\t<span class=\"vbo-pkglist-pkg-price\"><span class=\"vbo_currency\">\u20ac<\/span> <span class=\"vbo_price\">250<\/span><\/span>\n\t\t\t\t<span class=\"vbo-pkglist-pkg-priceper\"><\/span>\n\t\t\t<\/div>\n\t\t\t<div class=\"vbo-pkglist-pkg-details\">\n\t\t\t\t<a class=\"btn vbo-pref-color-btn\" href=\"https:\/\/lesgaletsxm.com\/en\/packages-and-offers-4\/?option=com_vikbooking&amp;view=packagedetails&amp;pkgid=3\">More Details<\/a>\n\t\t\t<\/div>\n\t\t\t\t\t<div class=\"vbo-pkglist-pkg-benefits\">\n\t\t\t\tSave 50%\t\t\t<\/div>\n\t\t\t\t\t<\/div>\n\t<\/div>\n\t\t<\/div>\n\n<\/div>\n\n\n\n<p><\/p>","protected":false},"excerpt":{"rendered":"","protected":false},"author":2,"featured_media":0,"parent":0,"menu_order":0,"comment_status":"closed","ping_status":"closed","template":"","meta":{"footnotes":""},"class_list":["post-295","page","type-page","status-publish","hentry"],"yoast_head":"<!-- This site is optimized with the Yoast SEO plugin v26.9 - https:\/\/yoast.com\/product\/yoast-seo-wordpress\/ -->\n<title>S\u00e9lection des dates, du logement et des options - Les Galets SXM<\/title>\n<meta name=\"robots\" content=\"index, follow, max-snippet:-1, max-image-preview:large, max-video-preview:-1\" \/>\n<link rel=\"canonical\" href=\"https:\/\/lesgaletsxm.com\/en\/packages-and-offers-4\/\" \/>\n<meta property=\"og:locale\" content=\"en_US\" \/>\n<meta property=\"og:type\" content=\"article\" \/>\n<meta property=\"og:title\" content=\"S\u00e9lection des dates, du logement et des options - Les Galets SXM\" \/>\n<meta property=\"og:url\" content=\"https:\/\/lesgaletsxm.com\/en\/packages-and-offers-4\/\" \/>\n<meta property=\"og:site_name\" content=\"Les Galets SXM\" \/>\n<meta property=\"article:modified_time\" content=\"2025-06-24T08:14:46+00:00\" \/>\n<meta name=\"twitter:card\" content=\"summary_large_image\" \/>\n<meta name=\"twitter:label1\" content=\"Est. reading time\" \/>\n\t<meta name=\"twitter:data1\" content=\"1 minute\" \/>\n<script type=\"application\/ld+json\" class=\"yoast-schema-graph\">{\"@context\":\"https:\/\/schema.org\",\"@graph\":[{\"@type\":\"WebPage\",\"@id\":\"https:\/\/lesgaletsxm.com\/packages-and-offers-4\/\",\"url\":\"https:\/\/lesgaletsxm.com\/packages-and-offers-4\/\",\"name\":\"S\u00e9lection des dates, du logement et des options - Les Galets SXM\",\"isPartOf\":{\"@id\":\"https:\/\/lesgaletsxm.com\/#website\"},\"datePublished\":\"2020-11-20T11:57:20+00:00\",\"dateModified\":\"2025-06-24T08:14:46+00:00\",\"breadcrumb\":{\"@id\":\"https:\/\/lesgaletsxm.com\/packages-and-offers-4\/#breadcrumb\"},\"inLanguage\":\"en-US\",\"potentialAction\":[{\"@type\":\"ReadAction\",\"target\":[\"https:\/\/lesgaletsxm.com\/packages-and-offers-4\/\"]}]},{\"@type\":\"BreadcrumbList\",\"@id\":\"https:\/\/lesgaletsxm.com\/packages-and-offers-4\/#breadcrumb\",\"itemListElement\":[{\"@type\":\"ListItem\",\"position\":1,\"name\":\"Accueil\",\"item\":\"https:\/\/lesgaletsxm.com\/\"},{\"@type\":\"ListItem\",\"position\":2,\"name\":\"S\u00e9lection des dates, du logement et des options\"}]},{\"@type\":\"WebSite\",\"@id\":\"https:\/\/lesgaletsxm.com\/#website\",\"url\":\"https:\/\/lesgaletsxm.com\/\",\"name\":\"Les Galets SXM\",\"description\":\"Locations saisonni\u00e8res et tables d&#039;h\u00f4tes \u00e0 Orient Bay, Saint-Martin\",\"publisher\":{\"@id\":\"https:\/\/lesgaletsxm.com\/#organization\"},\"potentialAction\":[{\"@type\":\"SearchAction\",\"target\":{\"@type\":\"EntryPoint\",\"urlTemplate\":\"https:\/\/lesgaletsxm.com\/?s={search_term_string}\"},\"query-input\":{\"@type\":\"PropertyValueSpecification\",\"valueRequired\":true,\"valueName\":\"search_term_string\"}}],\"inLanguage\":\"en-US\"},{\"@type\":\"Organization\",\"@id\":\"https:\/\/lesgaletsxm.com\/#organization\",\"name\":\"Les Galets SXM\",\"url\":\"https:\/\/lesgaletsxm.com\/\",\"logo\":{\"@type\":\"ImageObject\",\"inLanguage\":\"en-US\",\"@id\":\"https:\/\/lesgaletsxm.com\/#\/schema\/logo\/image\/\",\"url\":\"https:\/\/lesgaletsxm.com\/wp-content\/uploads\/2025\/02\/logo-white-blue-les-Galets-Villas-St-Martin-SXM.png\",\"contentUrl\":\"https:\/\/lesgaletsxm.com\/wp-content\/uploads\/2025\/02\/logo-white-blue-les-Galets-Villas-St-Martin-SXM.png\",\"width\":134,\"height\":130,\"caption\":\"Les Galets SXM\"},\"image\":{\"@id\":\"https:\/\/lesgaletsxm.com\/#\/schema\/logo\/image\/\"}}]}<\/script>\n<!-- \/ Yoast SEO plugin. -->","yoast_head_json":{"title":"S\u00e9lection des dates, du logement et des options - Les Galets SXM","robots":{"index":"index","follow":"follow","max-snippet":"max-snippet:-1","max-image-preview":"max-image-preview:large","max-video-preview":"max-video-preview:-1"},"canonical":"https:\/\/lesgaletsxm.com\/en\/packages-and-offers-4\/","og_locale":"en_US","og_type":"article","og_title":"S\u00e9lection des dates, du logement et des options - Les Galets SXM","og_url":"https:\/\/lesgaletsxm.com\/en\/packages-and-offers-4\/","og_site_name":"Les Galets SXM","article_modified_time":"2025-06-24T08:14:46+00:00","twitter_card":"summary_large_image","twitter_misc":{"Est. reading time":"1 minute"},"schema":{"@context":"https:\/\/schema.org","@graph":[{"@type":"WebPage","@id":"https:\/\/lesgaletsxm.com\/packages-and-offers-4\/","url":"https:\/\/lesgaletsxm.com\/packages-and-offers-4\/","name":"S\u00e9lection des dates, du logement et des options - Les Galets SXM","isPartOf":{"@id":"https:\/\/lesgaletsxm.com\/#website"},"datePublished":"2020-11-20T11:57:20+00:00","dateModified":"2025-06-24T08:14:46+00:00","breadcrumb":{"@id":"https:\/\/lesgaletsxm.com\/packages-and-offers-4\/#breadcrumb"},"inLanguage":"en-US","potentialAction":[{"@type":"ReadAction","target":["https:\/\/lesgaletsxm.com\/packages-and-offers-4\/"]}]},{"@type":"BreadcrumbList","@id":"https:\/\/lesgaletsxm.com\/packages-and-offers-4\/#breadcrumb","itemListElement":[{"@type":"ListItem","position":1,"name":"Accueil","item":"https:\/\/lesgaletsxm.com\/"},{"@type":"ListItem","position":2,"name":"S\u00e9lection des dates, du logement et des options"}]},{"@type":"WebSite","@id":"https:\/\/lesgaletsxm.com\/#website","url":"https:\/\/lesgaletsxm.com\/","name":"Les Galets SXM","description":"Seasonal rentals and tables d &amp; #039; d&#039;h\u00f4tes in Orient Bay, Saint-Martin","publisher":{"@id":"https:\/\/lesgaletsxm.com\/#organization"},"potentialAction":[{"@type":"SearchAction","target":{"@type":"EntryPoint","urlTemplate":"https:\/\/lesgaletsxm.com\/?s={search_term_string}"},"query-input":{"@type":"PropertyValueSpecification","valueRequired":true,"valueName":"search_term_string"}}],"inLanguage":"en-US"},{"@type":"Organization","@id":"https:\/\/lesgaletsxm.com\/#organization","name":"Les Galets SXM","url":"https:\/\/lesgaletsxm.com\/","logo":{"@type":"ImageObject","inLanguage":"en-US","@id":"https:\/\/lesgaletsxm.com\/#\/schema\/logo\/image\/","url":"https:\/\/lesgaletsxm.com\/wp-content\/uploads\/2025\/02\/logo-white-blue-les-Galets-Villas-St-Martin-SXM.png","contentUrl":"https:\/\/lesgaletsxm.com\/wp-content\/uploads\/2025\/02\/logo-white-blue-les-Galets-Villas-St-Martin-SXM.png","width":134,"height":130,"caption":"Les Galets SXM"},"image":{"@id":"https:\/\/lesgaletsxm.com\/#\/schema\/logo\/image\/"}}]}},"_links":{"self":[{"href":"https:\/\/lesgaletsxm.com\/en\/wp-json\/wp\/v2\/pages\/295","targetHints":{"allow":["GET"]}}],"collection":[{"href":"https:\/\/lesgaletsxm.com\/en\/wp-json\/wp\/v2\/pages"}],"about":[{"href":"https:\/\/lesgaletsxm.com\/en\/wp-json\/wp\/v2\/types\/page"}],"author":[{"embeddable":true,"href":"https:\/\/lesgaletsxm.com\/en\/wp-json\/wp\/v2\/users\/2"}],"replies":[{"embeddable":true,"href":"https:\/\/lesgaletsxm.com\/en\/wp-json\/wp\/v2\/comments?post=295"}],"version-history":[{"count":6,"href":"https:\/\/lesgaletsxm.com\/en\/wp-json\/wp\/v2\/pages\/295\/revisions"}],"predecessor-version":[{"id":25241,"href":"https:\/\/lesgaletsxm.com\/en\/wp-json\/wp\/v2\/pages\/295\/revisions\/25241"}],"wp:attachment":[{"href":"https:\/\/lesgaletsxm.com\/en\/wp-json\/wp\/v2\/media?parent=295"}],"curies":[{"name":"wp","href":"https:\/\/api.w.org\/{rel}","templated":true}]}}